  {"id":13,"date":"2021-01-25T23:03:24","date_gmt":"2021-01-25T23:03:24","guid":{"rendered":"https:\/\/www.hawaii.edu\/student-basic-needs\/?page_id=13"},"modified":"2025-10-03T20:00:38","modified_gmt":"2025-10-03T20:00:38","slug":"13-2","status":"publish","type":"page","link":"https:\/\/www.hawaii.edu\/student-basic-needs-olelohawaii\/","title":{"rendered":"Home"},"content":{"rendered":"\n<div class=\"wp-block-columns is-layout-flex wp-container-core-columns-is-layout-8f761849 wp-block-columns-is-layout-flex\">\n<div class=\"wp-block-column is-layout-flow wp-block-column-is-layout-flow\" style=\"flex-basis:80%\">\n<figure class=\"wp-block-image aligncenter size-large\"><\/figure>\n\n\n\n<div align=\"center\" style=\"margin:0;padding:0;line-height:1\"><img decoding=\"async\" src=\"https:\/\/www.hawaii.edu\/student-basic-needs-olelohawaii\/wp-content\/uploads\/sites\/38\/2021\/04\/team-loi.png\" alt=\"\"><br><span style=\"font-family: Times New Roman;font-weight: bold;color: #c0c0c0;margin:0;padding:0;font-size: 2rem;line-height:1\">\u201c<\/span> <span style=\"font-size: 1.75rem;font-family: Times New Roman;font-weight: bold;margin:0;padding:0\"> I ola no ke kino i ka m\u0101\u2018ona o ka \u2018\u014dp\u016b. <span style=\"font-family: Times New Roman;font-weight: bold;color: #c0c0c0;font-size: 2rem;margin:0;padding:0\">\u201d<\/span><\/span><br><br><span style=\"font-style: italic\">Na Mary Kawena Pukui.<\/span><\/div>\n\n\n\n<div style=\"height:20px\" aria-hidden=\"true\" class=\"wp-block-spacer\"><\/div>\n\n\n\n<figure class=\"wp-block-embed is-type-video is-provider-youtube wp-block-embed-youtube wp-embed-aspect-16-9 wp-has-aspect-ratio\"><div class=\"wp-block-embed__wrapper\" align=\"center\">\n<iframe loading=\"lazy\" title=\"Student Basic Needs PSA\" width=\"640\" height=\"360\" src=\"https:\/\/www.youtube.com\/embed\/vQ_3Hi9KBrQ?feature=oembed\" frameborder=\"0\" allow=\"accelerometer; autoplay; clipboard-write; encrypted-media; gyroscope; picture-in-picture; web-share\" referrerpolicy=\"strict-origin-when-cross-origin\" allowfullscreen><\/iframe>\n<\/div><\/figure>\n\n\n\n<p class=\"has-text-align-center wp-block-paragraph\">Click the link below to connect with a 糖心Vlog官方 Basic Needs Caf\u00e9 Assistant who can help 糖心Vlog官方 students with locating and securing basic needs including food, housing and financial resources. Caf\u00e9 hours are Sunday to Thursday from 8pm to midnight.<\/p>\n\n\n\n<p class=\"has-text-align-center has-large-font-size wp-block-paragraph\"><a href=\"https:\/\/star.hawaii.edu\/virtual-kiosk\/app.jsp#!\/kiosk?unit=858\"><strong>NEW VIRTUAL BASIC NEEDS CAFE<\/strong><\/a><\/p>\n\n\n\n<p class=\"has-text-align-center wp-block-paragraph\">Students are also welcome to reach out via email <a href=\"mailto:uhsbn@hawaii.edu\">uhsbn@hawaii.edu<\/a>.&nbsp;Responses are provided promptly during caf\u00e9 hours.&nbsp;<\/p>\n\n\n\n<h2 style=\"font-size: 2.5rem\">K\u0101ko\u02bbo \u02bbia Ka Haum\u0101na M\u0101kaukau ma \u014d Ka Ho\u02bboikaika Pono Ola no N\u0101 K\u0101naka a Pau<\/h2>\n\n\n\n<p class=\"wp-block-paragraph\">\u02bbO n\u0101 pono ola ua pili i ka lawa k\u016bpono o ka mea\u02bbai, ka noho hale \u02bbana, ka lole, ka m\u0101lama keiki, ke ola lolo maika\u02bbi, ke k\u0101l\u0101, ke alakau, a me n\u0101 mea \u02bb\u0113 a\u02bbe paha. I\u0101 \u02bboe e hele ma ke ala ho\u02bbona\u02bbauao, e kupu a\u02bbe paha n\u0101 \u0101laina e pili ana i ka  lawa \u02bbole i ia mau mea. Kapa \u02bbia k\u0113ia \u02bbo ka lawa \u02bbole o n\u0101 pono ola a he mau miliona haum\u0101na kulanui e \u02bbike nei i ia mea i k\u0113l\u0101, k\u0113ia makahiki. I lawa k\u016bpono ai n\u0101 pono ola no n\u0101 haum\u0101na 糖心Vlog官方 a pau, h\u014d\u02bbike \u02bbia ma lalo nei ka papahelu o n\u0101 kumuwaiwai k\u0101ko\u02bbo like \u02bbole ma ke kahua kula a ma waho aku paha ma ke kai\u0101ulu.<\/p>\n<\/div>\n\n\n\n<div class=\"wp-block-column is-layout-flow wp-block-column-is-layout-flow\" style=\"flex-basis:20%\">\n<div style=\"height:10px\" aria-hidden=\"true\" class=\"wp-block-spacer\"><\/div>\n\n\n<div style=\"background-color: #F8F8F8; border-radius: 5px; padding: 10px; text-align: left;\" align=\"center\">\n<h3 align=\"center\" style=\"font-size: 1.65rem;\">Pono ke k\u014dkua ia\u02bbu<\/h3>\n<p><\/p>\n<p>In\u0101 ke \u02bbike nei \u02bboe i ka lawa \u02bbole o n\u0101 pono ola, e \u02bbolu\u02bbolu e ho\u02bbokomo i k\u0101u helu kuhi ma \u02bbane\u02bbi e loa\u02bba koke ke k\u014dkua.<\/p>\n<p><iframe src=\"https:\/\/uhstudentbasicneeds.findhelp.com\/widget\/v2\/uhstudentbasicneeds?btn_color=B3995D&amp;ref=https:\/\/www.hawaii.edu\/student-basic-needs&amp;lang=haw&amp;btn_text=Huli&amp;postal_placeholder=Helu+kuhi\" width=\"100%\" scrolling=\"no\" frameborder=\"0\"><\/iframe><\/p>\n<\/div>\n\n\n<h2 style=\"font-size: 1.5rem\"><br>N\u016bhou, Noi\u02bbi, a me N\u0101 H\u0101nana e K\u016b Nei<\/h2>\n\n\n\n<p class=\"wp-block-paragraph\"><\/p>\n\n\n\n<p class=\"wp-block-paragraph\"><a href=\"https:\/\/www.staradvertiser.com\/2023\/07\/17\/hawaii-news\/most-in-hawaii-not-prepared-for-natural-disaster-study-finds\/\">Most in Hawaii not prepared for natural disaster, study finds | Honolulu Star-Advertiser<\/a> 7\/18<\/p>\n\n\n\n<p class=\"wp-block-paragraph\"><a href=\"https:\/\/abcnews.go.com\/Politics\/bidens-plan-student-loan-forgiveness-relies-higher-education\/story?id=100596845\">Biden\u2019s Plan B on student loan forgiveness relies on Higher Education Act: What to know<\/a> 7\/5<\/p>\n\n\n\n<p class=\"wp-block-paragraph\"><a href=\"https:\/\/www.businessinsider.com\/when-will-interest-start-student-loans-aoc-biden-debt-relief-2023-7\">AOC says student-loan borrowers \u2018should not be incurring interest\u2019 for at least a year after payments resume as she calls on Biden to \u2018consider\u2019 altering his plan<\/a> 7\/5<\/p>\n\n\n\n<p class=\"wp-block-paragraph\"><a href=\"https:\/\/www.hawaii.edu\/news\/2023\/06\/29\/hawaii-housing-factbook-uhero\/\">糖心Vlog官方ERO releases new report on state of housing in Hawai\u2019i<\/a> 6\/29<\/p>\n\n\n\n<p class=\"wp-block-paragraph\"><a href=\"https:\/\/www.hawaii.edu\/news\/2023\/06\/29\/uh-skyline-launch\/\">糖心Vlog官方 campuses prepare for Skyline launch<\/a> 6\/29<\/p>\n\n\n\n<p class=\"wp-block-paragraph\"><a href=\"https:\/\/www.hawaii.edu\/news\/2023\/02\/21\/oahu-housing-database-uhero\/\">New O\u2019ahu housing database to provide insight to residents, policymakers<\/a> 2\/21<\/p>\n\n\n\n<p class=\"wp-block-paragraph\"><a href=\"https:\/\/www.chronicle.com\/article\/yes-you-belong-here-an-expert-explains-the-importance-of-supporting-student-parents?cid=gen_sign_in\" data-type=\"URL\" data-id=\"https:\/\/www.chronicle.com\/article\/yes-you-belong-here-an-expert-explains-the-importance-of-supporting-student-parents?cid=gen_sign_in\">An Expert Explains the Importance of Supporting Student Parents<\/a> 11\/22<\/p>\n\n\n\n<p class=\"wp-block-paragraph\"><\/p>\n\n\n\n<p class=\"wp-block-paragraph\"><\/p>\n\n\n\n<p class=\"wp-block-paragraph\"><\/p>\n\n\n\n<p class=\"wp-block-paragraph\"><\/p>\n\n\n\n<p class=\"wp-block-paragraph\"><\/p>\n\n\n\n<p class=\"wp-block-paragraph\"><\/p>\n\n\n\n<p class=\"wp-block-paragraph\"><\/p>\n\n\n\n<p class=\"wp-block-paragraph\"><\/p>\n\n\n\n<p class=\"wp-block-paragraph\"><\/p>\n\n\n\n<p class=\"wp-block-paragraph\"><\/p>\n\n\n\n<p class=\"wp-block-paragraph\"><\/p>\n\n\n\n<p class=\"wp-block-paragraph\"><\/p>\n\n\n\n<p class=\"wp-block-paragraph\"><\/p>\n\n\n\n<p class=\"wp-block-paragraph\"><\/p>\n<\/div>\n<\/div>\n\n\n<h2 style=\"font-size: 2.5rem\">Kumu Waiwai Haum\u0101na<\/h2>\n<p style=\"text-align: left\">E ho\u02bbohana i ka palapala \u02bb\u0101ina ma lalo nei e \u02bbimi i n\u0101 kumu waiwai no n\u0101 pono ola haum\u0101na o&nbsp;k\u0113l\u0101 a me k\u0113ia kahua kula 糖心Vlog官方.<\/p>\n<p style=\"text-align: center\"><span style=\"font-size: 11pt\"><a href=\".\/resources\">E n\u0101n\u0101 i ka papahelu \u00bb<\/a><\/span><\/p>\n<p><!-- Image Map Generated by http:\/\/www.image-map.net\/ --><\/p>\n<p><img decoding=\"async\" src=\"wp-content\/uploads\/sites\/38\/2021\/09\/basic-needs-spots-olelo.png\" usemap=\"#image-map\"><\/p>\n<map name=\"image-map\">\n<area title=\"K\u014dleke Kai\u0101ulu o Kaua\u02bbi\" alt=\"K\u014dleke Kai\u0101ulu o Kaua\u02bbi\" coords=\"148,58,7\" shape=\"circle\" href=\".\/resources\/kauai\">\n<area title=\"K\u014dleke Kai\u0101ulu o Kaua\u02bbi\" alt=\"K\u014dleke Kai\u0101ulu o Kaua\u02bbi\" coords=\"160,43,430,71\" shape=\"rect\" href=\".\/resources\/kauai\">\n<area title=\"K\u014dleke Kai\u0101ulu ma Ko\u02bbolau, O\u02bbahu\" alt=\"K\u014dleke Kai\u0101ulu ma Ko\u02bbolau, O\u02bbahu\" coords=\"272,156,7\" shape=\"circle\" href=\".\/resources\/windward\">\n<area title=\"K\u014dleke Kai\u0101ulu ma Ko\u02bbolau, O\u02bbahu\" alt=\"K\u014dleke Kai\u0101ulu ma Ko\u02bbolau, O\u02bbahu\" coords=\"256,77,643,108\" shape=\"rect\" href=\".\/resources\/windward\">\n<area title=\"Kulanui o Hawai\u02bbi ma M\u0101noa\" alt=\"Kulanui o Hawai\u02bbi ma M\u0101noa\" coords=\"285,183,8\" shape=\"circle\" href=\".\/resources\/manoa\">\n<area title=\"Kulanui o Hawai\u02bbi ma M\u0101noa\" alt=\"Kulanui o Hawai\u02bbi ma M\u0101noa\" coords=\"281,116,604,144\" shape=\"rect\" href=\".\/resources\/manoa\">\n<area title=\"K\u014dleke Kai\u0101ulu \u02bbo Kapi\u02bbolani\" alt=\"K\u014dleke Kai\u0101ulu \u02bbo Kapi\u02bbolani\" coords=\"305,197,7\" shape=\"circle\" href=\".\/resources\/kapiolani\">\n<area title=\"K\u014dleke Kai\u0101ulu \u02bbo Kapi\u02bbolani\" alt=\"K\u014dleke Kai\u0101ulu \u02bbo Kapi\u02bbolani\" coords=\"326,186,638,219\" shape=\"rect\" href=\".\/resources\/kapiolani\">\n<area title=\"K\u014dleke Kai\u0101ulu o Honolulu\" alt=\"K\u014dleke Kai\u0101ulu o Honolulu\" coords=\"260,178,8\" shape=\"circle\" href=\".\/resources\/honolulu\">\n<area title=\"K\u014dleke Kai\u0101ulu o Honolulu\" alt=\"K\u014dleke Kai\u0101ulu o Honolulu\" coords=\"248,220,548,249\" shape=\"rect\" href=\".\/resources\/honolulu\">\n<area title=\"K\u014dleke Kai\u0101ulu \u02bbo Leeward, O\u02bbahu\" alt=\"K\u014dleke Kai\u0101ulu \u02bbo Leeward, O\u02bbahu\" coords=\"220,163,7\" shape=\"circle\" href=\".\/resources\/leeward\">\n<area title=\"K\u014dleke Kai\u0101ulu \u02bbo Leeward, O\u02bbahu\" alt=\"K\u014dleke Kai\u0101ulu \u02bbo Leeward, O\u02bbahu\" coords=\"207,250,589,282\" shape=\"rect\" href=\".\/resources\/leeward\">\n<area title=\"Kulanui o Hawai\u02bbi ma O\u02bbahu Komohana\" alt=\"Kulanui o Hawai\u02bbi ma O\u02bbahu Komohana\" coords=\"206,185,8\" shape=\"circle\" href=\".\/resources\/west-oahu\">\n<area title=\"Kulanui o Hawai\u02bbi ma O\u02bbahu Komohana\" alt=\"Kulanui o Hawai\u02bbi ma O\u02bbahu Komohana\" coords=\"41,283,485,313\" shape=\"rect\" href=\".\/resources\/west-oahu\">\n<area title=\"K\u014dleke o Maui\" alt=\"K\u014dleke o Maui\" coords=\"548,313,7\" shape=\"circle\" href=\".\/resources\/maui\">\n<area title=\"K\u014dleke o Maui\" alt=\"K\u014dleke o Maui\" coords=\"560,299,727,327\" shape=\"rect\" href=\".\/resources\/maui\">\n<area title=\"Kulanui o Hawai\u02bbi ma Hilo\" alt=\"Kulanui o Hawai\u02bbi ma Hilo\" coords=\"867,472,5\" shape=\"circle\" href=\".\/resources\/hilo\">\n<area title=\"Kulanui o Hawai\u02bbi ma Hilo\" alt=\"Kulanui o Hawai\u02bbi ma Hilo\" coords=\"566,449,856,479\" shape=\"rect\" href=\".\/resources\/hilo\">\n<area title=\"K\u014dleke Kai\u0101ulu o Hawai\u02bbi\" alt=\"K\u014dleke Kai\u0101ulu o Hawai\u02bbi\" coords=\"896,506,8\" shape=\"circle\" href=\".\/resources\/hawaii\">\n<area title=\"K\u014dleke Kai\u0101ulu o Hawai\u02bbi\" alt=\"K\u014dleke Kai\u0101ulu o Hawai\u02bbi\" coords=\"603,488,884,515\" shape=\"rect\" href=\".\/resources\/hawaii\">\n <\/map>\n<\/p>\n<p><a href=\"https:\/\/uhstudentbasicneeds.findhelp.com\"><img loading=\"lazy\" decoding=\"async\" class=\"alignnone wp-image-591 size-full\" title=\"Go to findhelp.org\" src=\"https:\/\/www.hawaii.edu\/student-basic-needs-olelohawaii\/wp-content\/uploads\/sites\/38\/2022\/01\/findhelp-org-logo.png\" alt=\"findhelp.org logo\" width=\"265\" height=\"83\"><\/a><br \/>Hui like ka \u02bb\u014cnaehana 糖心Vlog官方 me&nbsp;<a href=\"https:\/\/uhstudentbasicneeds.findhelp.com\">findhelp.org<\/a> e ho\u02bbolako ai n\u0101 haum\u0101na i n\u0101 kumu waiwai pono ola o ke kai\u0101ulu, moku\u02bb\u0101ina, a pekelala.<\/p>\n<h2 style=\"font-size: 2.5rem\">E h\u0101\u02bbawi manawale\u02bba<\/h2>\n<p>E k\u0101ko\u02bbo i n\u0101 haum\u0101na ma \u014d ka h\u0101\u02bbawi k\u0101l\u0101 i\u0101&nbsp;<a href=\"https:\/\/giving.uhfoundation.org\/browse?category=&amp;keyword=basic_needs\"><abbr title=\"University of Hawaii\">糖心Vlog官方<\/abbr> Foundation<\/a>.<\/p>\n<\/p>","protected":false},"excerpt":{"rendered":"<p>\u201c I ola no ke kino i ka m\u0101\u2018ona o ka \u2018\u014dp\u016b. \u201d Na Mary Kawena Pukui. Click the link below to connect with a 糖心Vlog官方 Basic Needs Caf\u00e9 Assistant who can help 糖心Vlog官方 students with locating and securing basic &hellip; <\/p>\n","protected":false},"author":38,"featured_media":0,"parent":0,"menu_order":0,"comment_status":"closed","ping_status":"closed","template":"","meta":{"_crdt_document":"","footnotes":""},"class_list":["post-13","page","type-page","status-publish","hentry"],"_links":{"self":[{"href":"https:\/\/www.hawaii.edu\/student-basic-needs-olelohawaii\/wp-json\/wp\/v2\/pages\/13","targetHints":{"allow":["GET"]}}],"collection":[{"href":"https:\/\/www.hawaii.edu\/student-basic-needs-olelohawaii\/wp-json\/wp\/v2\/pages"}],"about":[{"href":"https:\/\/www.hawaii.edu\/student-basic-needs-olelohawaii\/wp-json\/wp\/v2\/types\/page"}],"author":[{"embeddable":true,"href":"https:\/\/www.hawaii.edu\/student-basic-needs-olelohawaii\/wp-json\/wp\/v2\/users\/38"}],"replies":[{"embeddable":true,"href":"https:\/\/www.hawaii.edu\/student-basic-needs-olelohawaii\/wp-json\/wp\/v2\/comments?post=13"}],"version-history":[{"count":68,"href":"https:\/\/www.hawaii.edu\/student-basic-needs-olelohawaii\/wp-json\/wp\/v2\/pages\/13\/revisions"}],"predecessor-version":[{"id":1414,"href":"https:\/\/www.hawaii.edu\/student-basic-needs-olelohawaii\/wp-json\/wp\/v2\/pages\/13\/revisions\/1414"}],"wp:attachment":[{"href":"https:\/\/www.hawaii.edu\/student-basic-needs-olelohawaii\/wp-json\/wp\/v2\/media?parent=13"}],"curies":[{"name":"wp","href":"https:\/\/api.w.org\/{rel}","templated":true}]}}