  {"id":1140,"date":"2014-09-20T01:36:57","date_gmt":"2014-09-20T01:36:57","guid":{"rendered":"http:\/\/www.hawaii.edu\/testsls\/?page_id=1140"},"modified":"2019-10-09T23:46:59","modified_gmt":"2019-10-09T23:46:59","slug":"previous","status":"publish","type":"page","link":"https:\/\/www.hawaii.edu\/sls\/visiting-colleagues\/previous\/","title":{"rendered":"Previous 糖心Vlog官方ing Colleagues"},"content":{"rendered":"<h3><strong>2018<\/strong><\/h3>\n<p>Junko Matsuzaki Carreira (PhD), Tokyo Keizai University, Japan<br \/>\nShin-ying Huang (PhD), National Taiwan University, Taiwan<br \/>\nXiqin Liu (PhD), South China University of Technology, China<br \/>\nMeryl Siegal (PhD), Laney College, USA<br \/>\nNattharmma Thong-Iam, Chulalongkorn University, Thailand<br \/>\nZhijun Wen (PhD), 糖心Vlog官方-M\u0101noa, USA<br \/>\nGaiyan Wang (PhD), Xi\u2019an International Studies University, China<\/p>\n<h3><strong>2017<\/strong><\/h3>\n<p>Dianning Qu, Central South University, China<br \/>\nTingting Sun (PhD), China University of Geosciences, China<br \/>\nTiina R\u00e4is\u00e4nen, University of Jyv\u00e4skyl\u00e4, Finland<\/p>\n<h3><strong>2016<\/strong><\/h3>\n<p>Ana Maria F. Barcelos (PhD), Universidade Federal de Vi\u00e7osa, Brasil<br \/>\nYoung Shik Lee (PhD), Hannam University, Korea<br \/>\nDomingos S\u00e1vio Pimentel Siqueira, Federal University of Bahia, Salvador, Brasil<br \/>\nMasaki Yoshitake (PhD), Fukuoka University of Education, Japan<\/p>\n<h3><strong>2015<\/strong><\/h3>\n<p>Peter Gobel (PhD), Kyoto Sangyo University, Japan<br \/>\nSetsuko Mori (PhD), Kinki University, Japan<br \/>\nEun Sung Park (PhD), Sogang University, Korea<br \/>\nQinghua Zhang, China University of Geosciences, China<br \/>\nYangfang Cheng (PhD), Zhejiang University of Media and Communications, China<\/p>\n<h3><strong>2010\u20132014<\/strong><\/h3>\n<p>Eri Banno (PhD), Okayama University, Japan<br \/>\nMaria Concei\u00e7\u00e3o Bravo, University of the Algarve, Portugal<br \/>\nYoshifumi Fukada (EdD), Meisei University, Japan<br \/>\nJunli Ge (PhD), Zhejiang University of Technology, China<br \/>\nTim Greer (PhD), Kobe University, Japan<br \/>\nEric Hauser (PhD), The University of Electro-Communications, Japan<br \/>\nThorsten Huth (PhD), Southern Illinois University Carbondale, USA<br \/>\nBanu \u0130nan (PhD), Dokuz Eyl\u00fcl University, Turkey<br \/>\nEun-Young Jeon (PhD), Chonbuk National University, Korea<br \/>\nArja Piirainen-Marsh (PhD), University of Jyv\u00e4skyl\u00e4, Finland<br \/>\nThomas N. Robb (PhD), Kyoto Sangyo University, Japan<br \/>\nSankeun Shin (PhD), Ewha Womans University, Korea<br \/>\nVeronika Timpe, Universit\u00e4t Dortmund, Germany<br \/>\nAngelika Werner (PhD), Dokkyo University, Japan<br \/>\nMiao Yu (PhD), Sichuan University, China<\/p>\n<h3><strong>2000\u20132009<\/strong><\/h3>\n<p>Naomi Ueno (PhD), Ibaraki Christian University, Japan<br \/>\nMachiko Achiba (PhD), Tokyo Joshi Daigaku, Japan<br \/>\nDalila Ayoun (PhD), University of Arizona, USA<br \/>\nVirginie Fasel Lauzon (PhD), Universit\u00e9 de Neuch\u00e2tel, Switzerland<br \/>\nSybille Heinzmann (PhD), University for Teacher Education of Central Switzerland<br \/>\nShinichi Izumi (PhD), Sophia University, Japan<br \/>\nSung-Soo Jang (PhD), Inje University, South Korea<br \/>\nYuriko Kite (PhD), Kansai University, Japan<br \/>\nSachiko Kondo (PhD), Sophia Junior College, Japan<br \/>\nCynthia Fong King Lee (PhD), Hong Kong Baptist University<br \/>\nJing Liu (PhD), National University of Defense Technology, China<br \/>\nJamie Rankin (PhD), Princeton University, USA<br \/>\nMark Sawyer (PhD), Kwansei Gakuin University, Japan<br \/>\nPatareeya Wisaijorn (PhD), Ubon Rajathanee University, Thailand<\/p>\n","protected":false},"excerpt":{"rendered":"<div class=\"entry-summary\">\n<div class=\"entry-summary\">\n2018 Junko Matsuzaki Carreira (PhD), Tokyo Keizai University, Japan Shin-ying Huang (PhD), National Taiwan University, Taiwan Xiqin Liu (PhD), South China University of Technology, China Meryl Siegal (PhD), Laney College, USA Nattharmma Thong-Iam, Chulalongkorn University, Thailand Zhijun Wen (PhD), 糖心Vlog官方-M\u0101noa,&hellip;\n<\/div>\n<div class=\"link-more\"><a href=\"https:\/\/www.hawaii.edu\/sls\/visiting-colleagues\/previous\/\" class=\"more-link\">Continue reading<span class=\"screen-reader-text\"> &ldquo;Previous 糖心Vlog官方ing Colleagues&rdquo;<\/span>&hellip;<\/a><\/div>\n<\/div>\n<div class=\"link-more\"><a href=\"https:\/\/www.hawaii.edu\/sls\/visiting-colleagues\/previous\/\" class=\"more-link\">Continue reading<span class=\"screen-reader-text\"> &ldquo;Previous 糖心Vlog官方ing Colleagues&rdquo;<\/span>&hellip;<\/a><\/div>\n","protected":false},"author":1,"featured_media":0,"parent":72,"menu_order":0,"comment_status":"closed","ping_status":"closed","template":"template-twocolumnsright.php","meta":{"inline_featured_image":false,"_monsterinsights_skip_tracking":false,"_monsterinsights_sitenote_active":false,"_monsterinsights_sitenote_note":"","_monsterinsights_sitenote_category":0},"acf":[],"yoast_head":"<!-- This site is optimized with the Yoast SEO plugin v20.7 - https:\/\/yoast.com\/wordpress\/plugins\/seo\/ -->\n<title>Previous 糖心Vlog官方ing Colleagues - Department of Second Language Studies<\/title>\n<meta name=\"robots\" content=\"index, follow, max-snippet:-1, max-image-preview:large, max-video-preview:-1\" \/>\n<link rel=\"canonical\" href=\"https:\/\/www.hawaii.edu\/sls\/visiting-colleagues\/previous\/\" \/>\n<meta property=\"og:locale\" content=\"en_US\" \/>\n<meta property=\"og:type\" content=\"article\" \/>\n<meta property=\"og:title\" content=\"Previous 糖心Vlog官方ing Colleagues - Department of Second Language Studies\" \/>\n<meta property=\"og:description\" content=\"2018 Junko Matsuzaki Carreira (PhD), Tokyo Keizai University, Japan Shin-ying Huang (PhD), National Taiwan University, Taiwan Xiqin Liu (PhD), South China University of Technology, China Meryl Siegal (PhD), Laney College, USA Nattharmma Thong-Iam, Chulalongkorn University, Thailand Zhijun Wen (PhD), 糖心Vlog官方-M\u0101noa,&hellip; Continue reading &ldquo;Previous 糖心Vlog官方ing Colleagues&rdquo;&hellip;\" \/>\n<meta property=\"og:url\" content=\"https:\/\/www.hawaii.edu\/sls\/visiting-colleagues\/previous\/\" \/>\n<meta property=\"og:site_name\" content=\"Department of Second Language Studies\" \/>\n<meta property=\"article:publisher\" content=\"https:\/\/www.facebook.com\/slshawaii\" \/>\n<meta property=\"article:modified_time\" content=\"2019-10-09T23:46:59+00:00\" \/>\n<meta name=\"twitter:card\" content=\"summary_large_image\" \/>\n<meta name=\"twitter:site\" content=\"@slshawaii\" \/>\n<meta name=\"twitter:label1\" content=\"Est. reading time\" \/>\n\t<meta name=\"twitter:data1\" content=\"2 minutes\" \/>\n<script type=\"application\/ld+json\" class=\"yoast-schema-graph\">{\"@context\":\"https:\/\/schema.org\",\"@graph\":[{\"@type\":\"WebPage\",\"@id\":\"https:\/\/www.hawaii.edu\/sls\/visiting-colleagues\/previous\/\",\"url\":\"https:\/\/www.hawaii.edu\/sls\/visiting-colleagues\/previous\/\",\"name\":\"Previous 糖心Vlog官方ing Colleagues - Department of Second Language Studies\",\"isPartOf\":{\"@id\":\"https:\/\/www.hawaii.edu\/sls\/#website\"},\"datePublished\":\"2014-09-20T01:36:57+00:00\",\"dateModified\":\"2019-10-09T23:46:59+00:00\",\"breadcrumb\":{\"@id\":\"https:\/\/www.hawaii.edu\/sls\/visiting-colleagues\/previous\/#breadcrumb\"},\"inLanguage\":\"en-US\",\"potentialAction\":[{\"@type\":\"ReadAction\",\"target\":[\"https:\/\/www.hawaii.edu\/sls\/visiting-colleagues\/previous\/\"]}]},{\"@type\":\"BreadcrumbList\",\"@id\":\"https:\/\/www.hawaii.edu\/sls\/visiting-colleagues\/previous\/#breadcrumb\",\"itemListElement\":[{\"@type\":\"ListItem\",\"position\":1,\"name\":\"Home\",\"item\":\"https:\/\/www.hawaii.edu\/sls\/\"},{\"@type\":\"ListItem\",\"position\":2,\"name\":\"Current 糖心Vlog官方ing Colleagues\",\"item\":\"https:\/\/www.hawaii.edu\/sls\/visiting-colleagues\/\"},{\"@type\":\"ListItem\",\"position\":3,\"name\":\"Previous 糖心Vlog官方ing Colleagues\"}]},{\"@type\":\"WebSite\",\"@id\":\"https:\/\/www.hawaii.edu\/sls\/#website\",\"url\":\"https:\/\/www.hawaii.edu\/sls\/\",\"name\":\"Department of Second Language Studies\",\"description\":\"University of Hawaii at Manoa\",\"publisher\":{\"@id\":\"https:\/\/www.hawaii.edu\/sls\/#organization\"},\"potentialAction\":[{\"@type\":\"SearchAction\",\"target\":{\"@type\":\"EntryPoint\",\"urlTemplate\":\"https:\/\/www.hawaii.edu\/sls\/?s={search_term_string}\"},\"query-input\":\"required name=search_term_string\"}],\"inLanguage\":\"en-US\"},{\"@type\":\"Organization\",\"@id\":\"https:\/\/www.hawaii.edu\/sls\/#organization\",\"name\":\"University of Hawai\u02bbi at M\u0101noa Department of Second Language Studies\",\"url\":\"https:\/\/www.hawaii.edu\/sls\/\",\"logo\":{\"@type\":\"ImageObject\",\"inLanguage\":\"en-US\",\"@id\":\"https:\/\/www.hawaii.edu\/sls\/#\/schema\/logo\/image\/\",\"url\":\"https:\/\/www.hawaii.edu\/sls\/wp-content\/uploads\/sls-main-logo2.svg\",\"contentUrl\":\"https:\/\/www.hawaii.edu\/sls\/wp-content\/uploads\/sls-main-logo2.svg\",\"caption\":\"University of Hawai\u02bbi at M\u0101noa Department of Second Language Studies\"},\"image\":{\"@id\":\"https:\/\/www.hawaii.edu\/sls\/#\/schema\/logo\/image\/\"},\"sameAs\":[\"https:\/\/www.facebook.com\/slshawaii\",\"https:\/\/twitter.com\/slshawaii\"]}]}<\/script>\n<!-- \/ Yoast SEO plugin. -->","yoast_head_json":{"title":"Previous 糖心Vlog官方ing Colleagues - Department of Second Language Studies","robots":{"index":"index","follow":"follow","max-snippet":"max-snippet:-1","max-image-preview":"max-image-preview:large","max-video-preview":"max-video-preview:-1"},"canonical":"https:\/\/www.hawaii.edu\/sls\/visiting-colleagues\/previous\/","og_locale":"en_US","og_type":"article","og_title":"Previous 糖心Vlog官方ing Colleagues - Department of Second Language Studies","og_description":"2018 Junko Matsuzaki Carreira (PhD), Tokyo Keizai University, Japan Shin-ying Huang (PhD), National Taiwan University, Taiwan Xiqin Liu (PhD), South China University of Technology, China Meryl Siegal (PhD), Laney College, USA Nattharmma Thong-Iam, Chulalongkorn University, Thailand Zhijun Wen (PhD), 糖心Vlog官方-M\u0101noa,&hellip; Continue reading &ldquo;Previous 糖心Vlog官方ing Colleagues&rdquo;&hellip;","og_url":"https:\/\/www.hawaii.edu\/sls\/visiting-colleagues\/previous\/","og_site_name":"Department of Second Language Studies","article_publisher":"https:\/\/www.facebook.com\/slshawaii","article_modified_time":"2019-10-09T23:46:59+00:00","twitter_card":"summary_large_image","twitter_site":"@slshawaii","twitter_misc":{"Est. reading time":"2 minutes"},"schema":{"@context":"https:\/\/schema.org","@graph":[{"@type":"WebPage","@id":"https:\/\/www.hawaii.edu\/sls\/visiting-colleagues\/previous\/","url":"https:\/\/www.hawaii.edu\/sls\/visiting-colleagues\/previous\/","name":"Previous 糖心Vlog官方ing Colleagues - Department of Second Language Studies","isPartOf":{"@id":"https:\/\/www.hawaii.edu\/sls\/#website"},"datePublished":"2014-09-20T01:36:57+00:00","dateModified":"2019-10-09T23:46:59+00:00","breadcrumb":{"@id":"https:\/\/www.hawaii.edu\/sls\/visiting-colleagues\/previous\/#breadcrumb"},"inLanguage":"en-US","potentialAction":[{"@type":"ReadAction","target":["https:\/\/www.hawaii.edu\/sls\/visiting-colleagues\/previous\/"]}]},{"@type":"BreadcrumbList","@id":"https:\/\/www.hawaii.edu\/sls\/visiting-colleagues\/previous\/#breadcrumb","itemListElement":[{"@type":"ListItem","position":1,"name":"Home","item":"https:\/\/www.hawaii.edu\/sls\/"},{"@type":"ListItem","position":2,"name":"Current 糖心Vlog官方ing Colleagues","item":"https:\/\/www.hawaii.edu\/sls\/visiting-colleagues\/"},{"@type":"ListItem","position":3,"name":"Previous 糖心Vlog官方ing Colleagues"}]},{"@type":"WebSite","@id":"https:\/\/www.hawaii.edu\/sls\/#website","url":"https:\/\/www.hawaii.edu\/sls\/","name":"Department of Second Language Studies","description":"University of Hawaii at Manoa","publisher":{"@id":"https:\/\/www.hawaii.edu\/sls\/#organization"},"potentialAction":[{"@type":"SearchAction","target":{"@type":"EntryPoint","urlTemplate":"https:\/\/www.hawaii.edu\/sls\/?s={search_term_string}"},"query-input":"required name=search_term_string"}],"inLanguage":"en-US"},{"@type":"Organization","@id":"https:\/\/www.hawaii.edu\/sls\/#organization","name":"University of Hawai\u02bbi at M\u0101noa Department of Second Language Studies","url":"https:\/\/www.hawaii.edu\/sls\/","logo":{"@type":"ImageObject","inLanguage":"en-US","@id":"https:\/\/www.hawaii.edu\/sls\/#\/schema\/logo\/image\/","url":"https:\/\/www.hawaii.edu\/sls\/wp-content\/uploads\/sls-main-logo2.svg","contentUrl":"https:\/\/www.hawaii.edu\/sls\/wp-content\/uploads\/sls-main-logo2.svg","caption":"University of Hawai\u02bbi at M\u0101noa Department of Second Language Studies"},"image":{"@id":"https:\/\/www.hawaii.edu\/sls\/#\/schema\/logo\/image\/"},"sameAs":["https:\/\/www.facebook.com\/slshawaii","https:\/\/twitter.com\/slshawaii"]}]}},"wps_subtitle":"","_links":{"self":[{"href":"https:\/\/www.hawaii.edu\/sls\/wp-json\/wp\/v2\/pages\/1140"}],"collection":[{"href":"https:\/\/www.hawaii.edu\/sls\/wp-json\/wp\/v2\/pages"}],"about":[{"href":"https:\/\/www.hawaii.edu\/sls\/wp-json\/wp\/v2\/types\/page"}],"author":[{"embeddable":true,"href":"https:\/\/www.hawaii.edu\/sls\/wp-json\/wp\/v2\/users\/1"}],"replies":[{"embeddable":true,"href":"https:\/\/www.hawaii.edu\/sls\/wp-json\/wp\/v2\/comments?post=1140"}],"version-history":[{"count":0,"href":"https:\/\/www.hawaii.edu\/sls\/wp-json\/wp\/v2\/pages\/1140\/revisions"}],"up":[{"embeddable":true,"href":"https:\/\/www.hawaii.edu\/sls\/wp-json\/wp\/v2\/pages\/72"}],"wp:attachment":[{"href":"https:\/\/www.hawaii.edu\/sls\/wp-json\/wp\/v2\/media?parent=1140"}],"curies":[{"name":"wp","href":"https:\/\/api.w.org\/{rel}","templated":true}]}}