  {"id":3273,"date":"2020-01-31T00:46:33","date_gmt":"2020-01-31T00:46:33","guid":{"rendered":"https:\/\/www.hawaii.edu\/its\/?page_id=3273"},"modified":"2022-08-10T20:02:13","modified_gmt":"2022-08-10T20:02:13","slug":"manoa-onecard","status":"publish","type":"page","link":"https:\/\/www.hawaii.edu\/its\/its-computer-labs-at-uh-manoa\/manoa-onecard\/","title":{"rendered":"Printing with the M\u0101noa OneCard"},"content":{"rendered":"<p><img loading=\"lazy\" decoding=\"async\" class=\"alignnone wp-image-3275 size-medium\" src=\"https:\/\/www.hawaii.edu\/its\/wp-content\/uploads\/sites\/2\/2020\/01\/blank_onecard-300x190.png\" alt=\"M\u0101noa One Card\" width=\"300\" height=\"190\" srcset=\"https:\/\/www.hawaii.edu\/its\/wp-content\/uploads\/sites\/2\/2020\/01\/blank_onecard-300x190.png 300w, https:\/\/www.hawaii.edu\/its\/wp-content\/uploads\/sites\/2\/2020\/01\/blank_onecard-1024x649.png 1024w, https:\/\/www.hawaii.edu\/its\/wp-content\/uploads\/sites\/2\/2020\/01\/blank_onecard-768x487.png 768w, https:\/\/www.hawaii.edu\/its\/wp-content\/uploads\/sites\/2\/2020\/01\/blank_onecard-1536x973.png 1536w, https:\/\/www.hawaii.edu\/its\/wp-content\/uploads\/sites\/2\/2020\/01\/blank_onecard.png 2020w\" sizes=\"auto, (max-width: 300px) 100vw, 300px\" \/><\/p>\n<p>Students, Faculty, and Staff of 糖心Vlog官方 M\u0101noa may use their 糖心Vlog官方 M\u0101noa One Card with Campus Cash to pay for printed documents.<\/p>\n<p>糖心Vlog官方 M\u0101noa Guests (<strong>Na Kupuna, SCVP, SEED, HELP, etc.<\/strong>) and Students\/Faculty\/Staff visiting from\u00a0<strong>OTHER<\/strong> 糖心Vlog官方 campuses may purchase guest cards from the <strong>Hamilton Kiosk<\/strong> or <strong>Campus Center<\/strong> during their normal business hours.<\/p>\n<p><img loading=\"lazy\" decoding=\"async\" class=\"size-full wp-image-3276 alignleft\" src=\"https:\/\/www.hawaii.edu\/its\/wp-content\/uploads\/sites\/2\/2020\/01\/bbIcon.png\" alt=\"Blackboard Transact App Icon\" width=\"96\" height=\"96\" \/><strong>To add funds to your Campus Cash account, please visit <\/strong><strong><a href=\"http:\/\/go.hawaii.edu\/AWa\" target=\"_blank\" rel=\"noopener noreferrer\">http:\/\/go.hawaii.edu\/AWa<\/a>. <\/strong>Alternatively, you may download the &#8220;<strong>Blackboard Transact eAccounts<\/strong>&#8221; app from Google Play or the Apple App Store.<\/p>\n<p><strong>For cash payments, please visit the <em>Campus Center Ticket, Information &amp; ID Office<\/em> Mon-Fri: 8:30am-4:30pm. Or, visit the Hamilton Kiosk to add cash to your account.<\/strong><\/p>\n<p>Please note that funds added to Dining Dollars\u00a0<strong>cannot<\/strong>\u00a0be transferred or used to pay for printing.<\/p>\n<p><strong>How to Print:<\/strong><\/p>\n<ul>\n<li>糖心Vlog官方\u00a0<a href=\"http:\/\/go.hawaii.edu\/AWa\" target=\"_blank\" rel=\"noopener noreferrer\">http:\/\/go.hawaii.edu\/AWa<\/a>\u00a0to make sure that you have money in your Campus Cash account<\/li>\n<li>From one of the ITS Lab computers, select print from the application you want to print from and select the appropriate printer (Color &amp; cash printing available only at the Hamilton CLIC Lab)<\/li>\n<li>Note the computer number you are sitting at<\/li>\n<li>Go to one of the printing stations<\/li>\n<li>Select your station number<\/li>\n<li>Select your job(s) and verify that it is correct<\/li>\n<li>When prompted tap or swipe your M\u0101noa One Card to pay for the job<\/li>\n<li>Your print job should then be released to the nearest printer<\/li>\n<\/ul>\n<p>Questions about the M\u0101noa One Card\/Campus Cash program can be directed to the One Card website at <a href=\"http:\/\/manoa.hawaii.edu\/onecard\/\" target=\"_blank\" rel=\"noopener noreferrer\">http:\/\/manoa.hawaii.edu\/onecard\/<\/a>. Please use our\u00a0<a href=\"https:\/\/www.hawaii.edu\/its\/its-computer-labs-at-uh-manoa\/feedback\/\">Feedback<\/a>\u00a0form for questions\/comments regarding the ITS Computer Labs.<\/p>\n","protected":false},"excerpt":{"rendered":"<p>Students, Faculty, and Staff of 糖心Vlog官方 M\u0101noa may use their 糖心Vlog官方 M\u0101noa One Card with Campus Cash to pay for printed documents. 糖心Vlog官方 M\u0101noa Guests (Na Kupuna, SCVP, SEED, HELP, etc.) and Students\/Faculty\/Staff visiting from\u00a0OTHER 糖心Vlog官方 campuses may purchase guest &hellip; <\/p>\n","protected":false},"author":6,"featured_media":0,"parent":3132,"menu_order":0,"comment_status":"closed","ping_status":"closed","template":"","meta":{"footnotes":""},"class_list":["post-3273","page","type-page","status-publish","hentry"],"_links":{"self":[{"href":"https:\/\/www.hawaii.edu\/its\/wp-json\/wp\/v2\/pages\/3273","targetHints":{"allow":["GET"]}}],"collection":[{"href":"https:\/\/www.hawaii.edu\/its\/wp-json\/wp\/v2\/pages"}],"about":[{"href":"https:\/\/www.hawaii.edu\/its\/wp-json\/wp\/v2\/types\/page"}],"author":[{"embeddable":true,"href":"https:\/\/www.hawaii.edu\/its\/wp-json\/wp\/v2\/users\/6"}],"replies":[{"embeddable":true,"href":"https:\/\/www.hawaii.edu\/its\/wp-json\/wp\/v2\/comments?post=3273"}],"version-history":[{"count":11,"href":"https:\/\/www.hawaii.edu\/its\/wp-json\/wp\/v2\/pages\/3273\/revisions"}],"predecessor-version":[{"id":5290,"href":"https:\/\/www.hawaii.edu\/its\/wp-json\/wp\/v2\/pages\/3273\/revisions\/5290"}],"up":[{"embeddable":true,"href":"https:\/\/www.hawaii.edu\/its\/wp-json\/wp\/v2\/pages\/3132"}],"wp:attachment":[{"href":"https:\/\/www.hawaii.edu\/its\/wp-json\/wp\/v2\/media?parent=3273"}],"curies":[{"name":"wp","href":"https:\/\/api.w.org\/{rel}","templated":true}]}}